{"id":14,"date":"2013-01-24T16:36:42","date_gmt":"2013-01-24T15:36:42","guid":{"rendered":"http:\/\/www.restental.at\/?page_id=14"},"modified":"2014-02-11T17:42:27","modified_gmt":"2014-02-11T16:42:27","slug":"welpenzucht","status":"publish","type":"page","link":"https:\/\/www.restental.at\/?page_id=14","title":{"rendered":"Welpen\/Zucht"},"content":{"rendered":"<p>Auf Empfehlung unseres Zuchtwartes vom Weimaranervereins haben wir uns f\u00fcr unseren A-Wurf f\u00fcr &#8222;BOSS von der B\u00e4ckerm\u00fchle&#8220; entschieden. Boss ist ein gro\u00dfer kr\u00e4ftiger R\u00fcde, der im Tiroler Pitztal bei einem Berufsj\u00e4ger im tagt\u00e4glichen jagdlichen Einsatz steht und sich durch einen unb\u00e4ndigen\u00a0Finderwillen und einer kompromisslosen Wildsch\u00e4rfe bei gleichzeitiger hoher Familienbezogenheit und untergeordnetem Schutztrieb auszeichnet.<\/p>\n<p>Da die Deckung am 10. bzw. 11. Februar stattfand, ist, sofern alles glatt l\u00e4uft, dann mit einem Wurfdatum um den 14. April zu rechnen.<\/p>\n<div id='gallery-1' class='gallery galleryid-14 gallery-columns-3 gallery-size-thumbnail'><dl class='gallery-item'>\n\t\t\t<dt class='gallery-icon landscape'>\n\t\t\t\t<a href='https:\/\/www.restental.at\/?attachment_id=162'><img loading=\"lazy\" decoding=\"async\" width=\"150\" height=\"150\" src=\"https:\/\/www.restental.at\/wp-content\/uploads\/2013\/01\/IMG-20140104-WA0003-150x150.jpg\" class=\"attachment-thumbnail size-thumbnail\" alt=\"\" \/><\/a>\n\t\t\t<\/dt><\/dl><dl class='gallery-item'>\n\t\t\t<dt class='gallery-icon landscape'>\n\t\t\t\t<a href='https:\/\/www.restental.at\/?attachment_id=161'><img loading=\"lazy\" decoding=\"async\" width=\"150\" height=\"150\" src=\"https:\/\/www.restental.at\/wp-content\/uploads\/2013\/01\/IMG-20140104-WA0002-150x150.jpg\" class=\"attachment-thumbnail size-thumbnail\" alt=\"\" \/><\/a>\n\t\t\t<\/dt><\/dl><dl class='gallery-item'>\n\t\t\t<dt class='gallery-icon landscape'>\n\t\t\t\t<a href='https:\/\/www.restental.at\/?attachment_id=160'><img loading=\"lazy\" decoding=\"async\" width=\"150\" height=\"150\" src=\"https:\/\/www.restental.at\/wp-content\/uploads\/2013\/01\/IMG-20140104-WA0001-150x150.jpg\" class=\"attachment-thumbnail size-thumbnail\" alt=\"\" \/><\/a>\n\t\t\t<\/dt><\/dl><br style=\"clear: both\" \/><dl class='gallery-item'>\n\t\t\t<dt class='gallery-icon landscape'>\n\t\t\t\t<a href='https:\/\/www.restental.at\/?attachment_id=159'><img loading=\"lazy\" decoding=\"async\" width=\"150\" height=\"150\" src=\"https:\/\/www.restental.at\/wp-content\/uploads\/2013\/01\/IMG-20140104-WA0000-150x150.jpg\" class=\"attachment-thumbnail size-thumbnail\" alt=\"\" \/><\/a>\n\t\t\t<\/dt><\/dl><dl class='gallery-item'>\n\t\t\t<dt class='gallery-icon landscape'>\n\t\t\t\t<a href='https:\/\/www.restental.at\/?attachment_id=180'><img loading=\"lazy\" decoding=\"async\" width=\"150\" height=\"150\" src=\"https:\/\/www.restental.at\/wp-content\/uploads\/2013\/01\/Boss-1-150x150.jpg\" class=\"attachment-thumbnail size-thumbnail\" alt=\"\" \/><\/a>\n\t\t\t<\/dt><\/dl><dl class='gallery-item'>\n\t\t\t<dt class='gallery-icon landscape'>\n\t\t\t\t<a href='https:\/\/www.restental.at\/?attachment_id=227'><img loading=\"lazy\" decoding=\"async\" width=\"150\" height=\"150\" src=\"https:\/\/www.restental.at\/wp-content\/uploads\/2013\/01\/CIMG4436-150x150.jpg\" class=\"attachment-thumbnail size-thumbnail\" alt=\"Blind Date\" aria-describedby=\"gallery-1-227\" \/><\/a>\n\t\t\t<\/dt>\n\t\t\t\t<dd class='wp-caption-text gallery-caption' id='gallery-1-227'>\n\t\t\t\t11. Februar\n\t\t\t\t<\/dd><\/dl><br style=\"clear: both\" \/><dl class='gallery-item'>\n\t\t\t<dt class='gallery-icon landscape'>\n\t\t\t\t<a href='https:\/\/www.restental.at\/?attachment_id=230'><img loading=\"lazy\" decoding=\"async\" width=\"150\" height=\"150\" src=\"https:\/\/www.restental.at\/wp-content\/uploads\/2013\/01\/CIMG4426-150x150.jpg\" class=\"attachment-thumbnail size-thumbnail\" alt=\"\" aria-describedby=\"gallery-1-230\" \/><\/a>\n\t\t\t<\/dt>\n\t\t\t\t<dd class='wp-caption-text gallery-caption' id='gallery-1-230'>\n\t\t\t\t10. Februar\n\t\t\t\t<\/dd><\/dl>\n\t\t\t<br style='clear: both' \/>\n\t\t<\/div>\n\n","protected":false},"excerpt":{"rendered":"<p>Auf Empfehlung unseres Zuchtwartes vom Weimaranervereins haben wir uns f\u00fcr unseren A-Wurf f\u00fcr &#8222;BOSS von der B\u00e4ckerm\u00fchle&#8220; entschieden. Boss ist ein gro\u00dfer kr\u00e4ftiger R\u00fcde, der im Tiroler Pitztal bei einem Berufsj\u00e4ger im tagt\u00e4glichen jagdlichen Einsatz steht und sich durch einen &hellip; <a href=\"https:\/\/www.restental.at\/?page_id=14\">Weiterlesen <span class=\"meta-nav\">&rarr;<\/span><\/a><\/p>\n","protected":false},"author":1,"featured_media":0,"parent":0,"menu_order":0,"comment_status":"closed","ping_status":"closed","template":"","meta":{"footnotes":""},"_links":{"self":[{"href":"https:\/\/www.restental.at\/index.php?rest_route=\/wp\/v2\/pages\/14"}],"collection":[{"href":"https:\/\/www.restental.at\/index.php?rest_route=\/wp\/v2\/pages"}],"about":[{"href":"https:\/\/www.restental.at\/index.php?rest_route=\/wp\/v2\/types\/page"}],"author":[{"embeddable":true,"href":"https:\/\/www.restental.at\/index.php?rest_route=\/wp\/v2\/users\/1"}],"replies":[{"embeddable":true,"href":"https:\/\/www.restental.at\/index.php?rest_route=%2Fwp%2Fv2%2Fcomments&post=14"}],"version-history":[{"count":12,"href":"https:\/\/www.restental.at\/index.php?rest_route=\/wp\/v2\/pages\/14\/revisions"}],"predecessor-version":[{"id":235,"href":"https:\/\/www.restental.at\/index.php?rest_route=\/wp\/v2\/pages\/14\/revisions\/235"}],"wp:attachment":[{"href":"https:\/\/www.restental.at\/index.php?rest_route=%2Fwp%2Fv2%2Fmedia&parent=14"}],"curies":[{"name":"wp","href":"https:\/\/api.w.org\/{rel}","templated":true}]}}