{"id":50,"date":"2013-01-26T20:43:20","date_gmt":"2013-01-26T19:43:20","guid":{"rendered":"http:\/\/www.restental.at\/?page_id=50"},"modified":"2014-01-04T22:12:03","modified_gmt":"2014-01-04T21:12:03","slug":"uber-uns","status":"publish","type":"page","link":"https:\/\/www.restental.at\/?page_id=50","title":{"rendered":"\u00dcber uns"},"content":{"rendered":"<p style=\"text-align: justify;\">Wir bewirtschaften in der Ennstalgemeinde Gro\u00dframing im Nebenerwerb das &#8222;Lumplbauerngut&#8220;, eine Landwirtschaft mit Schwerpunkt Forstwirtschaft.<\/p>\n<p style=\"text-align: justify;\">Schon immer waren Hunde auf unseren Hof und ausnahmslos alle waren gut sozialisierte Familienhunde. Daraus resultiert sicherlich unsere Liebe und Begeisterung f\u00fcr Hunde allgemein.<\/p>\n<p style=\"text-align: justify;\">Die spezielle Leidenschaft f\u00fcr Jagdhunde begann, \u00a0als 1996 Lumpi, ein Dackel-Pinscher-Mischling, zu uns auf den Hof kam. Mit seiner Gelehrigkeit und mit seinem freundlichen Wesen hatte er binnen k\u00fcrzester Zeit unsere Herzen erobert. Eher zuf\u00e4llig bemerkten wir seine hervorragenden jagdlichen Veranlagungen. Zun\u00e4chst bei Nachsuchen und beim St\u00f6bern, dann bei der Arbeit mit Raubzeug und schlie\u00dflich beim selbstst\u00e4ndigen Suchen und Bringen. \u00dcber viele unvergessliche Erlebnisse k\u00f6nnte man erz\u00e4hlen. Etwa \u00fcber eine ca. 1,5 km lange freie Nachsuche auf einen Hirsch mit Totverbellen oder \u00fcber die vielen selbstst\u00e4ndig gebrachten Abwurfstangen.\u00a0Als uns im Fr\u00fchjahr 2010 Lumpi\u00a0<span style=\"line-height: 24px;\">\u00a0pl\u00f6tzlich f\u00fcr immer verlie\u00df, wurde uns bewusst<\/span><span style=\"line-height: 24px;\">, dass f\u00fcr uns ein Leben und ein Jagen ohne Hund gar nicht mehr vorstellbar ist.\u00a0<\/span><\/p>\n<p style=\"text-align: justify;\">Nachdem wir uns dann intensiv mit den verschiedenen Jagdhunderassen besch\u00e4ftigt und einige Z\u00fcchter von den zur Wahl gestandenen Rassen besucht hatten, fiel die Entscheidung auf einen Kurzhaar Weimaraner.\u00a0Eine Entscheidung, die wir bis heute noch keinen Tag bereut haben. Zumal Nelly, die Ende Mai 2010 zu uns kam, all die positiven Eigenschaften der Rasse mehr als best\u00e4tigt. N\u00e4heres dazu finden Sie im Punkt &#8222;Unsere H\u00fcndin&#8220;.<\/p>\n<p style=\"text-align: justify;\">Wegen \u00a0der sehr guten Pr\u00fcfungs- und au\u00dfergew\u00f6hnlichen jagdlichen Leistungen unserer Nelly und bedingt durch einige Nachfragen, ob wir mit ihr nicht z\u00fcchten wollten, entschlossen wir uns heuer beim Weimaranerverein einen Zwinger anzumelden.<\/p>\n<p style=\"text-align: center;\">\u00a0<a href=\"http:\/\/www.restental.at\/wp-content\/uploads\/2013\/01\/CIMG3691.jpg\" rel=\"lightbox[50]\"><img loading=\"lazy\" decoding=\"async\" class=\"size-medium wp-image-60 aligncenter\" alt=\"CIMG3691\" src=\"http:\/\/www.restental.at\/wp-content\/uploads\/2013\/01\/CIMG3691-300x225.jpg\" width=\"300\" height=\"225\" srcset=\"https:\/\/www.restental.at\/wp-content\/uploads\/2013\/01\/CIMG3691-300x225.jpg 300w, https:\/\/www.restental.at\/wp-content\/uploads\/2013\/01\/CIMG3691-1024x768.jpg 1024w\" sizes=\"(max-width: 300px) 100vw, 300px\" \/><\/a><\/p>\n<p>&nbsp;<\/p>\n","protected":false},"excerpt":{"rendered":"<p>Wir bewirtschaften in der Ennstalgemeinde Gro\u00dframing im Nebenerwerb das &#8222;Lumplbauerngut&#8220;, eine Landwirtschaft mit Schwerpunkt Forstwirtschaft. Schon immer waren Hunde auf unseren Hof und ausnahmslos alle waren gut sozialisierte Familienhunde. Daraus resultiert sicherlich unsere Liebe und Begeisterung f\u00fcr Hunde allgemein. Die &hellip; <a href=\"https:\/\/www.restental.at\/?page_id=50\">Weiterlesen <span class=\"meta-nav\">&rarr;<\/span><\/a><\/p>\n","protected":false},"author":1,"featured_media":0,"parent":0,"menu_order":0,"comment_status":"closed","ping_status":"closed","template":"","meta":{"footnotes":""},"_links":{"self":[{"href":"https:\/\/www.restental.at\/index.php?rest_route=\/wp\/v2\/pages\/50"}],"collection":[{"href":"https:\/\/www.restental.at\/index.php?rest_route=\/wp\/v2\/pages"}],"about":[{"href":"https:\/\/www.restental.at\/index.php?rest_route=\/wp\/v2\/types\/page"}],"author":[{"embeddable":true,"href":"https:\/\/www.restental.at\/index.php?rest_route=\/wp\/v2\/users\/1"}],"replies":[{"embeddable":true,"href":"https:\/\/www.restental.at\/index.php?rest_route=%2Fwp%2Fv2%2Fcomments&post=50"}],"version-history":[{"count":10,"href":"https:\/\/www.restental.at\/index.php?rest_route=\/wp\/v2\/pages\/50\/revisions"}],"predecessor-version":[{"id":155,"href":"https:\/\/www.restental.at\/index.php?rest_route=\/wp\/v2\/pages\/50\/revisions\/155"}],"wp:attachment":[{"href":"https:\/\/www.restental.at\/index.php?rest_route=%2Fwp%2Fv2%2Fmedia&parent=50"}],"curies":[{"name":"wp","href":"https:\/\/api.w.org\/{rel}","templated":true}]}}